{"id":25098,"date":"2023-05-06T19:43:18","date_gmt":"2023-05-06T16:43:18","guid":{"rendered":"https:\/\/visa.turkishroute.com\/burkina-faso\/?page_id=25098"},"modified":"2023-05-16T02:24:25","modified_gmt":"2023-05-15T23:24:25","slug":"useful-informations","status":"publish","type":"page","link":"https:\/\/visa.turkishroute.com\/burkina-faso\/useful-informations\/","title":{"rendered":"Informations utiles"},"content":{"rendered":"\t\t<div data-elementor-type=\"wp-page\" data-elementor-id=\"25098\" class=\"elementor elementor-25098\">\n\t\t\t\t\t\t<div class=\"elementor-inner\">\n\t\t\t\t<div class=\"elementor-section-wrap\">\n\t\t\t\t\t\t\t\t\t<section class=\"elementor-section elementor-top-section elementor-element elementor-element-870803f elementor-section-boxed elementor-section-height-default elementor-section-height-default sc_fly_static\" data-id=\"870803f\" data-element_type=\"section\" data-settings=\"{&quot;background_background&quot;:&quot;classic&quot;}\">\n\t\t\t\t\t\t<div class=\"elementor-container elementor-column-gap-extended\">\n\t\t\t\t\t\t\t<div class=\"elementor-row\">\n\t\t\t\t\t<div class=\"elementor-column elementor-col-100 elementor-top-column elementor-element elementor-element-84d9684 sc_inner_width_none sc_content_align_inherit sc_layouts_column_icons_position_left sc_fly_static\" data-id=\"84d9684\" data-element_type=\"column\">\n\t\t\t<div class=\"elementor-column-wrap elementor-element-populated\">\n\t\t\t\t\t\t\t<div class=\"elementor-widget-wrap\">\n\t\t\t\t\t\t<div class=\"elementor-element elementor-element-7e6b35d sc_height_huge sc_fly_static elementor-widget elementor-widget-spacer\" data-id=\"7e6b35d\" data-element_type=\"widget\" data-widget_type=\"spacer.default\">\n\t\t\t\t<div class=\"elementor-widget-container\">\n\t\t\t\t\t<div class=\"elementor-spacer\">\n\t\t\t<div class=\"elementor-spacer-inner\"><\/div>\n\t\t<\/div>\n\t\t\t\t<\/div>\n\t\t\t\t<\/div>\n\t\t\t\t<div class=\"elementor-element elementor-element-1b8621d sc_fly_static elementor-widget elementor-widget-heading\" data-id=\"1b8621d\" data-element_type=\"widget\" data-widget_type=\"heading.default\">\n\t\t\t\t<div class=\"elementor-widget-container\">\n\t\t\t<h2 class=\"elementor-heading-title elementor-size-default\">INFORMATIONS UTILES<\/h2>\t\t<\/div>\n\t\t\t\t<\/div>\n\t\t\t\t<div class=\"elementor-element elementor-element-06f7526 sc_height_huge sc_fly_static elementor-widget elementor-widget-spacer\" data-id=\"06f7526\" data-element_type=\"widget\" data-widget_type=\"spacer.default\">\n\t\t\t\t<div class=\"elementor-widget-container\">\n\t\t\t\t\t<div class=\"elementor-spacer\">\n\t\t\t<div class=\"elementor-spacer-inner\"><\/div>\n\t\t<\/div>\n\t\t\t\t<\/div>\n\t\t\t\t<\/div>\n\t\t\t\t<div class=\"elementor-element elementor-element-9f162b2 sc_fly_static elementor-widget elementor-widget-text-editor\" data-id=\"9f162b2\" data-element_type=\"widget\" data-widget_type=\"text-editor.default\">\n\t\t\t\t<div class=\"elementor-widget-container\">\n\t\t\t\t\t\t\t\t<div class=\"elementor-text-editor elementor-clearfix\">\n\t\t\t\t<p><strong>Visa biom\u00e9trique<\/strong><\/p><p>La R\u00e9publique de Turquie a commenc\u00e9 \u00e0 appliquer la r\u00e8gle des visas biom\u00e9triques en BURKINA FASO. Avec toute demande faite personnellement, une v\u00e9rification d&rsquo;identit\u00e9 doit \u00eatre faite et une photo biom\u00e9trique instantan\u00e9e et une empreinte digitale doivent \u00eatre prises.<\/p><p><strong>P\u00e9riode d&rsquo;application<\/strong><\/p><p>Processus d&rsquo;\u00e9valuation des candidatures\u00a0; Ce sera avec l&rsquo;\u00e9valuation et l&rsquo;approbation de la Direction g\u00e9n\u00e9rale de la gestion des migrations du minist\u00e8re de l&rsquo;Int\u00e9rieur de la R\u00e9publique de Turquie.<\/p><p><strong>Voyage, couverture d&rsquo;assurance et dates de r\u00e9servation<\/strong><\/p><p>L&rsquo;assurance maladie de voyage d\u00e9livr\u00e9e par notre soci\u00e9t\u00e9 est valable \u00e0 compter de la date d&rsquo;entr\u00e9e en Turquie et sera valable tout au long de votre s\u00e9jour en Turquie.<\/p><p>La p\u00e9riode de validit\u00e9 du visa et le jour du s\u00e9jour ne peuvent \u00eatre modifi\u00e9s ou prolong\u00e9s apr\u00e8s la d\u00e9livrance du visa.<\/p><p><strong>Refus<\/strong><\/p><p>Nous n&rsquo;avons pas besoin d&rsquo;expliquer les raisons du rejet de la demande. En cas de refus, le candidat peut postuler \u00e0 nouveau.<\/p><p><strong>Remboursement des frais<\/strong><\/p><p>Les paiements effectu\u00e9s \u00e0 notre bureau ne sont pas remboursables.<\/p><p><strong>Documents falsifi\u00e9s<\/strong><\/p><p>La pr\u00e9sentation de faux documents est un crime et est punissable en vertu des lois de la R\u00e9publique de Turquie.<\/p>\t\t\t\t\t<\/div>\n\t\t\t\t\t\t<\/div>\n\t\t\t\t<\/div>\n\t\t\t\t\t\t<\/div>\n\t\t\t\t\t<\/div>\n\t\t<\/div>\n\t\t\t\t\t\t\t\t<\/div>\n\t\t\t\t\t<\/div>\n\t\t<\/section>\n\t\t\t\t<section class=\"elementor-section elementor-top-section elementor-element elementor-element-030d16c elementor-section-boxed elementor-section-height-default elementor-section-height-default sc_fly_static\" data-id=\"030d16c\" data-element_type=\"section\" data-settings=\"{&quot;background_background&quot;:&quot;classic&quot;}\">\n\t\t\t\t\t\t<div class=\"elementor-container elementor-column-gap-extended\">\n\t\t\t\t\t\t\t<div class=\"elementor-row\">\n\t\t\t\t\t<div class=\"elementor-column elementor-col-100 elementor-top-column elementor-element elementor-element-5872386 sc_inner_width_none sc_content_align_inherit sc_layouts_column_icons_position_left sc_fly_static\" data-id=\"5872386\" data-element_type=\"column\">\n\t\t\t<div class=\"elementor-column-wrap elementor-element-populated\">\n\t\t\t\t\t\t\t<div class=\"elementor-widget-wrap\">\n\t\t\t\t\t\t<div class=\"elementor-element elementor-element-ef28fc3 sc_height_huge sc_fly_static elementor-widget elementor-widget-spacer\" data-id=\"ef28fc3\" data-element_type=\"widget\" data-widget_type=\"spacer.default\">\n\t\t\t\t<div class=\"elementor-widget-container\">\n\t\t\t\t\t<div class=\"elementor-spacer\">\n\t\t\t<div class=\"elementor-spacer-inner\"><\/div>\n\t\t<\/div>\n\t\t\t\t<\/div>\n\t\t\t\t<\/div>\n\t\t\t\t\t\t<\/div>\n\t\t\t\t\t<\/div>\n\t\t<\/div>\n\t\t\t\t\t\t\t\t<\/div>\n\t\t\t\t\t<\/div>\n\t\t<\/section>\n\t\t\t\t\t\t\t\t\t<\/div>\n\t\t\t<\/div>\n\t\t\t\t\t<\/div>\n\t\t","protected":false},"excerpt":{"rendered":"<p>INFORMATIONS UTILES Visa biom\u00e9trique La R\u00e9publique de Turquie a commenc\u00e9 \u00e0 appliquer la r\u00e8gle des visas biom\u00e9triques en BURKINA FASO. Avec toute demande faite personnellement, une v\u00e9rification d&rsquo;identit\u00e9 doit \u00eatre&hellip;<\/p>\n","protected":false},"author":1,"featured_media":0,"parent":0,"menu_order":0,"comment_status":"closed","ping_status":"closed","template":"","meta":[],"_links":{"self":[{"href":"https:\/\/visa.turkishroute.com\/burkina-faso\/wp-json\/wp\/v2\/pages\/25098"}],"collection":[{"href":"https:\/\/visa.turkishroute.com\/burkina-faso\/wp-json\/wp\/v2\/pages"}],"about":[{"href":"https:\/\/visa.turkishroute.com\/burkina-faso\/wp-json\/wp\/v2\/types\/page"}],"author":[{"embeddable":true,"href":"https:\/\/visa.turkishroute.com\/burkina-faso\/wp-json\/wp\/v2\/users\/1"}],"replies":[{"embeddable":true,"href":"https:\/\/visa.turkishroute.com\/burkina-faso\/wp-json\/wp\/v2\/comments?post=25098"}],"version-history":[{"count":23,"href":"https:\/\/visa.turkishroute.com\/burkina-faso\/wp-json\/wp\/v2\/pages\/25098\/revisions"}],"predecessor-version":[{"id":25697,"href":"https:\/\/visa.turkishroute.com\/burkina-faso\/wp-json\/wp\/v2\/pages\/25098\/revisions\/25697"}],"wp:attachment":[{"href":"https:\/\/visa.turkishroute.com\/burkina-faso\/wp-json\/wp\/v2\/media?parent=25098"}],"curies":[{"name":"wp","href":"https:\/\/api.w.org\/{rel}","templated":true}]}}