{"id":25488,"date":"2023-05-09T21:36:20","date_gmt":"2023-05-09T18:36:20","guid":{"rendered":"https:\/\/visa.turkishroute.com\/burkina-faso\/?page_id=25488"},"modified":"2024-11-07T19:58:21","modified_gmt":"2024-11-07T16:58:21","slug":"sports-activities","status":"publish","type":"page","link":"https:\/\/visa.turkishroute.com\/burkina-faso\/sports-activities\/","title":{"rendered":"Exposition \u00e9v\u00e9nements sportifs"},"content":{"rendered":"\t\t<div data-elementor-type=\"wp-page\" data-elementor-id=\"25488\" class=\"elementor elementor-25488\">\n\t\t\t\t\t\t<div class=\"elementor-inner\">\n\t\t\t\t<div class=\"elementor-section-wrap\">\n\t\t\t\t\t\t\t\t\t<section class=\"elementor-section elementor-top-section elementor-element elementor-element-870803f elementor-section-boxed elementor-section-height-default elementor-section-height-default sc_fly_static\" data-id=\"870803f\" data-element_type=\"section\" data-settings=\"{&quot;background_background&quot;:&quot;classic&quot;}\">\n\t\t\t\t\t\t<div class=\"elementor-container elementor-column-gap-extended\">\n\t\t\t\t\t\t\t<div class=\"elementor-row\">\n\t\t\t\t\t<div class=\"elementor-column elementor-col-100 elementor-top-column elementor-element elementor-element-84d9684 sc_inner_width_none sc_content_align_inherit sc_layouts_column_icons_position_left sc_fly_static\" data-id=\"84d9684\" data-element_type=\"column\">\n\t\t\t<div class=\"elementor-column-wrap elementor-element-populated\">\n\t\t\t\t\t\t\t<div class=\"elementor-widget-wrap\">\n\t\t\t\t\t\t<div class=\"elementor-element elementor-element-7e6b35d sc_height_huge sc_fly_static elementor-widget elementor-widget-spacer\" data-id=\"7e6b35d\" data-element_type=\"widget\" data-widget_type=\"spacer.default\">\n\t\t\t\t<div class=\"elementor-widget-container\">\n\t\t\t\t\t<div class=\"elementor-spacer\">\n\t\t\t<div class=\"elementor-spacer-inner\"><\/div>\n\t\t<\/div>\n\t\t\t\t<\/div>\n\t\t\t\t<\/div>\n\t\t\t\t<div class=\"elementor-element elementor-element-1b8621d sc_fly_static elementor-widget elementor-widget-heading\" data-id=\"1b8621d\" data-element_type=\"widget\" data-widget_type=\"heading.default\">\n\t\t\t\t<div class=\"elementor-widget-container\">\n\t\t\t<h2 class=\"elementor-heading-title elementor-size-default\">EXPOS\u0130T\u0130ON \u00c9V\u00c9NEMENTS SPORT\u0130FS<\/h2>\t\t<\/div>\n\t\t\t\t<\/div>\n\t\t\t\t\t\t<\/div>\n\t\t\t\t\t<\/div>\n\t\t<\/div>\n\t\t\t\t\t\t\t\t<\/div>\n\t\t\t\t\t<\/div>\n\t\t<\/section>\n\t\t\t\t<section class=\"elementor-section elementor-top-section elementor-element elementor-element-bf91fce elementor-section-boxed elementor-section-height-default elementor-section-height-default sc_fly_static\" data-id=\"bf91fce\" data-element_type=\"section\" data-settings=\"{&quot;background_background&quot;:&quot;classic&quot;}\">\n\t\t\t\t\t\t<div class=\"elementor-container elementor-column-gap-extended\">\n\t\t\t\t\t\t\t<div class=\"elementor-row\">\n\t\t\t\t\t<div class=\"elementor-column elementor-col-100 elementor-top-column elementor-element elementor-element-f5aeb4b sc_inner_width_none sc_content_align_inherit sc_layouts_column_icons_position_left sc_fly_static\" data-id=\"f5aeb4b\" data-element_type=\"column\">\n\t\t\t<div class=\"elementor-column-wrap elementor-element-populated\">\n\t\t\t\t\t\t\t<div class=\"elementor-widget-wrap\">\n\t\t\t\t\t\t<div class=\"elementor-element elementor-element-b17ad5f sc_height_huge sc_fly_static elementor-widget elementor-widget-spacer\" data-id=\"b17ad5f\" data-element_type=\"widget\" data-widget_type=\"spacer.default\">\n\t\t\t\t<div class=\"elementor-widget-container\">\n\t\t\t\t\t<div class=\"elementor-spacer\">\n\t\t\t<div class=\"elementor-spacer-inner\"><\/div>\n\t\t<\/div>\n\t\t\t\t<\/div>\n\t\t\t\t<\/div>\n\t\t\t\t\t\t<\/div>\n\t\t\t\t\t<\/div>\n\t\t<\/div>\n\t\t\t\t\t\t\t\t<\/div>\n\t\t\t\t\t<\/div>\n\t\t<\/section>\n\t\t\t\t<section class=\"elementor-section elementor-top-section elementor-element elementor-element-bf1b8fb elementor-section-full_width elementor-section-height-default elementor-section-height-default sc_fly_static\" data-id=\"bf1b8fb\" data-element_type=\"section\" data-settings=\"{&quot;background_background&quot;:&quot;classic&quot;}\">\n\t\t\t\t\t\t<div class=\"elementor-container elementor-column-gap-no\">\n\t\t\t\t\t\t\t<div class=\"elementor-row\">\n\t\t\t\t\t<div class=\"elementor-column elementor-col-100 elementor-top-column elementor-element elementor-element-8e566db sc_inner_width_none sc_content_align_inherit sc_layouts_column_icons_position_left sc_fly_static\" data-id=\"8e566db\" data-element_type=\"column\">\n\t\t\t<div class=\"elementor-column-wrap elementor-element-populated\">\n\t\t\t\t\t\t\t<div class=\"elementor-widget-wrap\">\n\t\t\t\t\t\t<section class=\"elementor-section elementor-inner-section elementor-element elementor-element-951c814 elementor-section-content-top elementor-section-boxed elementor-section-height-default elementor-section-height-default sc_fly_static\" data-id=\"951c814\" data-element_type=\"section\">\n\t\t\t\t\t\t<div class=\"elementor-container elementor-column-gap-extended\">\n\t\t\t\t\t\t\t<div class=\"elementor-row\">\n\t\t\t\t\t<div class=\"elementor-column elementor-col-50 elementor-inner-column elementor-element elementor-element-57247a9 sc_inner_width_none sc_content_align_inherit sc_layouts_column_icons_position_left sc_fly_static\" data-id=\"57247a9\" data-element_type=\"column\">\n\t\t\t<div class=\"elementor-column-wrap elementor-element-populated\">\n\t\t\t\t\t\t\t<div class=\"elementor-widget-wrap\">\n\t\t\t\t\t\t<div class=\"elementor-element elementor-element-3da844e sc_fly_static elementor-widget elementor-widget-spacer\" data-id=\"3da844e\" data-element_type=\"widget\" data-widget_type=\"spacer.default\">\n\t\t\t\t<div class=\"elementor-widget-container\">\n\t\t\t\t\t<div class=\"elementor-spacer\">\n\t\t\t<div class=\"elementor-spacer-inner\"><\/div>\n\t\t<\/div>\n\t\t\t\t<\/div>\n\t\t\t\t<\/div>\n\t\t\t\t<div class=\"elementor-element elementor-element-134cb41 sc_fly_static elementor-widget elementor-widget-text-editor\" data-id=\"134cb41\" data-element_type=\"widget\" data-widget_type=\"text-editor.default\">\n\t\t\t\t<div class=\"elementor-widget-container\">\n\t\t\t\t\t\t\t\t<div class=\"elementor-text-editor elementor-clearfix\">\n\t\t\t\t<p><strong>Les documents n\u00e9cessaires<\/strong><\/p><p><strong>Le passeport<\/strong><\/p><p>Le passeport valide au moins 6 moins \u00e0 partir de la date de d\u00e9part en T\u00fcrkiye et avec au moins 3 pages vierges.<\/p><p><strong>La Photographie Biom\u00e9trique<\/strong><\/p><p>La photographie biom\u00e9trique instantan\u00e9e (prise sur place dans notre bureau) aux dimensions 5\u00d75 cm sur fond blanc est n\u00e9cessaire.<\/p><p><strong>L\u2019assurance Voyage<\/strong><\/p><p>L\u2019assurance voyage s\u2019\u00e9tendant \u00e0 votre voyage et valable en T\u00fcrkiye \u00e0 partir de la date de voyage est n\u00e9cessaire. L\u2019assurance voyage est payable sur place dans notre bureau avec des prix avantageux.<\/p><p><strong>La r\u00e9servation de billet d\u2019avion<\/strong><\/p><p>La r\u00e9servation du billet d\u2019avion aller-retour (il n\u2019est pas conseill\u00e9 d\u2019acheter le billet sans avoir le r\u00e9sultat de votre demande de visa)<\/p><p><strong>La d\u00e9claration des revenus<\/strong><\/p><p>Le relev\u00e9 bancaire des 6 derniers mois imprim\u00e9 sur en-t\u00eate la banque, sign\u00e9 et cachet\u00e9. Un certificat de prise en charge d\u00e9livr\u00e9 chez un notaire ou l\u00e9galis\u00e9 au commissariat est n\u00e9cessaire pour les personnes sans compte bancaire.<\/p><p><strong>Les documents n\u00e9cessaires pour les demandeurs de moins de 18 ans<\/strong><\/p><p>Pour les demandeurs mineurs, il est aussi n\u00e9cessaire de pr\u00e9senter une autorisation parentale sign\u00e9e des 2 parents si le mineur voyage seul, si le mineur voyage avec un des parents il faut l\u2019autorisation du parent qui ne voyage pas, un acte de d\u00e9c\u00e8s au cas o\u00f9 les parents sont d\u00e9c\u00e9d\u00e9s ou un des parents est d\u00e9c\u00e9d\u00e9, une d\u00e9cision de justice en cas de divorce ou de s\u00e9paration.\u00a0<\/p><p><strong>L\u2019extrait de registre de casier judiciaire (pour les adultes)<\/strong><\/p><p>Il est n\u00e9cessaire que le demandeur pr\u00e9sente un extrait de registre de casier judiciaire dat\u00e9 de moins de 3 trois pour les casiers d\u00e9livr\u00e9s directement aux tribunaux et de moins d\u2019un mois pour les casiers d\u00e9livr\u00e9s en ligne.<\/p><p><strong>Les documents suppl\u00e9mentaires<\/strong><\/p><p>La lettre d\u2019invitation de la soci\u00e9t\u00e9 ou l\u2019\u00e9tablissement en T\u00fcrkiye est obligatoire.<\/p>\t\t\t\t\t<\/div>\n\t\t\t\t\t\t<\/div>\n\t\t\t\t<\/div>\n\t\t\t\t<div class=\"elementor-element elementor-element-1fb9a5d sc_fly_static elementor-widget elementor-widget-spacer\" data-id=\"1fb9a5d\" data-element_type=\"widget\" data-widget_type=\"spacer.default\">\n\t\t\t\t<div class=\"elementor-widget-container\">\n\t\t\t\t\t<div class=\"elementor-spacer\">\n\t\t\t<div class=\"elementor-spacer-inner\"><\/div>\n\t\t<\/div>\n\t\t\t\t<\/div>\n\t\t\t\t<\/div>\n\t\t\t\t\t\t<\/div>\n\t\t\t\t\t<\/div>\n\t\t<\/div>\n\t\t\t\t<div class=\"elementor-column elementor-col-50 elementor-inner-column elementor-element elementor-element-6367de3 sc_inner_width_none sc_content_align_inherit sc_layouts_column_icons_position_left sc_fly_static\" data-id=\"6367de3\" data-element_type=\"column\">\n\t\t\t<div class=\"elementor-column-wrap elementor-element-populated\">\n\t\t\t\t\t\t\t<div class=\"elementor-widget-wrap\">\n\t\t\t\t\t\t<div class=\"elementor-element elementor-element-905dada sc_fly_static elementor-widget elementor-widget-spacer\" data-id=\"905dada\" data-element_type=\"widget\" data-widget_type=\"spacer.default\">\n\t\t\t\t<div class=\"elementor-widget-container\">\n\t\t\t\t\t<div class=\"elementor-spacer\">\n\t\t\t<div class=\"elementor-spacer-inner\"><\/div>\n\t\t<\/div>\n\t\t\t\t<\/div>\n\t\t\t\t<\/div>\n\t\t\t\t<div class=\"elementor-element elementor-element-ea6bf79 sc_fly_static elementor-widget elementor-widget-image\" data-id=\"ea6bf79\" data-element_type=\"widget\" data-widget_type=\"image.default\">\n\t\t\t\t<div class=\"elementor-widget-container\">\n\t\t\t\t\t\t\t\t<div class=\"elementor-image\">\n\t\t\t\t\t\t\t\t\t\t\t\t<img decoding=\"async\" width=\"666\" height=\"396\" src=\"https:\/\/visa.turkishroute.com\/burkina-faso\/wp-content\/uploads\/2023\/05\/Sports-Activities.jpg\" class=\"attachment-full size-full wp-image-25646\" alt=\"\" loading=\"lazy\" srcset=\"https:\/\/visa.turkishroute.com\/burkina-faso\/wp-content\/uploads\/2023\/05\/Sports-Activities.jpg 666w, https:\/\/visa.turkishroute.com\/burkina-faso\/wp-content\/uploads\/2023\/05\/Sports-Activities-300x178.jpg 300w, https:\/\/visa.turkishroute.com\/burkina-faso\/wp-content\/uploads\/2023\/05\/Sports-Activities-370x220.jpg 370w, https:\/\/visa.turkishroute.com\/burkina-faso\/wp-content\/uploads\/2023\/05\/Sports-Activities-410x244.jpg 410w\" sizes=\"(max-width: 666px) 100vw, 666px\" \/>\t\t\t\t\t\t\t\t\t\t\t\t\t\t<\/div>\n\t\t\t\t\t\t<\/div>\n\t\t\t\t<\/div>\n\t\t\t\t\t\t<\/div>\n\t\t\t\t\t<\/div>\n\t\t<\/div>\n\t\t\t\t\t\t\t\t<\/div>\n\t\t\t\t\t<\/div>\n\t\t<\/section>\n\t\t\t\t<div class=\"elementor-element elementor-element-c9b52f1 sc_height_small sc_fly_static elementor-widget elementor-widget-spacer\" data-id=\"c9b52f1\" data-element_type=\"widget\" data-widget_type=\"spacer.default\">\n\t\t\t\t<div class=\"elementor-widget-container\">\n\t\t\t\t\t<div class=\"elementor-spacer\">\n\t\t\t<div class=\"elementor-spacer-inner\"><\/div>\n\t\t<\/div>\n\t\t\t\t<\/div>\n\t\t\t\t<\/div>\n\t\t\t\t<div class=\"elementor-element elementor-element-a217b4a sc_height_large sc_fly_static elementor-widget elementor-widget-spacer\" data-id=\"a217b4a\" data-element_type=\"widget\" data-widget_type=\"spacer.default\">\n\t\t\t\t<div class=\"elementor-widget-container\">\n\t\t\t\t\t<div class=\"elementor-spacer\">\n\t\t\t<div class=\"elementor-spacer-inner\"><\/div>\n\t\t<\/div>\n\t\t\t\t<\/div>\n\t\t\t\t<\/div>\n\t\t\t\t\t\t<\/div>\n\t\t\t\t\t<\/div>\n\t\t<\/div>\n\t\t\t\t\t\t\t\t<\/div>\n\t\t\t\t\t<\/div>\n\t\t<\/section>\n\t\t\t\t\t\t\t\t\t<\/div>\n\t\t\t<\/div>\n\t\t\t\t\t<\/div>\n\t\t","protected":false},"excerpt":{"rendered":"<p>EXPOS\u0130T\u0130ON \u00c9V\u00c9NEMENTS SPORT\u0130FS Les documents n\u00e9cessaires Le passeport Le passeport valide au moins 6 moins \u00e0 partir de la date de d\u00e9part en T\u00fcrkiye et avec au moins 3 pages&hellip;<\/p>\n","protected":false},"author":1,"featured_media":0,"parent":0,"menu_order":0,"comment_status":"closed","ping_status":"closed","template":"","meta":[],"_links":{"self":[{"href":"https:\/\/visa.turkishroute.com\/burkina-faso\/wp-json\/wp\/v2\/pages\/25488"}],"collection":[{"href":"https:\/\/visa.turkishroute.com\/burkina-faso\/wp-json\/wp\/v2\/pages"}],"about":[{"href":"https:\/\/visa.turkishroute.com\/burkina-faso\/wp-json\/wp\/v2\/types\/page"}],"author":[{"embeddable":true,"href":"https:\/\/visa.turkishroute.com\/burkina-faso\/wp-json\/wp\/v2\/users\/1"}],"replies":[{"embeddable":true,"href":"https:\/\/visa.turkishroute.com\/burkina-faso\/wp-json\/wp\/v2\/comments?post=25488"}],"version-history":[{"count":14,"href":"https:\/\/visa.turkishroute.com\/burkina-faso\/wp-json\/wp\/v2\/pages\/25488\/revisions"}],"predecessor-version":[{"id":25805,"href":"https:\/\/visa.turkishroute.com\/burkina-faso\/wp-json\/wp\/v2\/pages\/25488\/revisions\/25805"}],"wp:attachment":[{"href":"https:\/\/visa.turkishroute.com\/burkina-faso\/wp-json\/wp\/v2\/media?parent=25488"}],"curies":[{"name":"wp","href":"https:\/\/api.w.org\/{rel}","templated":true}]}}