{"id":18312,"date":"2022-09-25T11:01:06","date_gmt":"2022-09-25T08:01:06","guid":{"rendered":"https:\/\/visa.turkishroute.com\/congo\/?page_id=18312"},"modified":"2024-11-07T20:05:06","modified_gmt":"2024-11-07T17:05:06","slug":"about-us","status":"publish","type":"page","link":"https:\/\/visa.turkishroute.com\/congo\/about-us\/","title":{"rendered":"\u00c0 propos"},"content":{"rendered":"\t\t<div data-elementor-type=\"wp-page\" data-elementor-id=\"18312\" class=\"elementor elementor-18312\">\n\t\t\t\t\t\t<div class=\"elementor-inner\">\n\t\t\t\t<div class=\"elementor-section-wrap\">\n\t\t\t\t\t\t\t\t\t<section class=\"elementor-section elementor-top-section elementor-element elementor-element-870803f elementor-section-boxed elementor-section-height-default elementor-section-height-default sc_fly_static\" data-id=\"870803f\" data-element_type=\"section\" data-settings=\"{&quot;background_background&quot;:&quot;classic&quot;}\">\n\t\t\t\t\t\t<div class=\"elementor-container elementor-column-gap-extended\">\n\t\t\t\t\t\t\t<div class=\"elementor-row\">\n\t\t\t\t\t<div class=\"elementor-column elementor-col-100 elementor-top-column elementor-element elementor-element-84d9684 sc_inner_width_none sc_content_align_inherit sc_layouts_column_icons_position_left sc_fly_static\" data-id=\"84d9684\" data-element_type=\"column\">\n\t\t\t<div class=\"elementor-column-wrap elementor-element-populated\">\n\t\t\t\t\t\t\t<div class=\"elementor-widget-wrap\">\n\t\t\t\t\t\t<div class=\"elementor-element elementor-element-7e6b35d sc_height_huge sc_fly_static elementor-widget elementor-widget-spacer\" data-id=\"7e6b35d\" data-element_type=\"widget\" data-widget_type=\"spacer.default\">\n\t\t\t\t<div class=\"elementor-widget-container\">\n\t\t\t\t\t<div class=\"elementor-spacer\">\n\t\t\t<div class=\"elementor-spacer-inner\"><\/div>\n\t\t<\/div>\n\t\t\t\t<\/div>\n\t\t\t\t<\/div>\n\t\t\t\t<div class=\"elementor-element elementor-element-1b8621d sc_fly_static elementor-widget elementor-widget-heading\" data-id=\"1b8621d\" data-element_type=\"widget\" data-widget_type=\"heading.default\">\n\t\t\t\t<div class=\"elementor-widget-container\">\n\t\t\t<h2 class=\"elementor-heading-title elementor-size-default\">A PROPOS DE NOUS<\/h2>\t\t<\/div>\n\t\t\t\t<\/div>\n\t\t\t\t\t\t<\/div>\n\t\t\t\t\t<\/div>\n\t\t<\/div>\n\t\t\t\t\t\t\t\t<\/div>\n\t\t\t\t\t<\/div>\n\t\t<\/section>\n\t\t\t\t<section class=\"elementor-section elementor-top-section elementor-element elementor-element-bf91fce elementor-section-boxed elementor-section-height-default elementor-section-height-default sc_fly_static\" data-id=\"bf91fce\" data-element_type=\"section\" data-settings=\"{&quot;background_background&quot;:&quot;classic&quot;}\">\n\t\t\t\t\t\t<div class=\"elementor-container elementor-column-gap-extended\">\n\t\t\t\t\t\t\t<div class=\"elementor-row\">\n\t\t\t\t\t<div class=\"elementor-column elementor-col-100 elementor-top-column elementor-element elementor-element-f5aeb4b sc_inner_width_none sc_content_align_inherit sc_layouts_column_icons_position_left sc_fly_static\" data-id=\"f5aeb4b\" data-element_type=\"column\">\n\t\t\t<div class=\"elementor-column-wrap elementor-element-populated\">\n\t\t\t\t\t\t\t<div class=\"elementor-widget-wrap\">\n\t\t\t\t\t\t<div class=\"elementor-element elementor-element-b17ad5f sc_height_huge sc_fly_static elementor-widget elementor-widget-spacer\" data-id=\"b17ad5f\" data-element_type=\"widget\" data-widget_type=\"spacer.default\">\n\t\t\t\t<div class=\"elementor-widget-container\">\n\t\t\t\t\t<div class=\"elementor-spacer\">\n\t\t\t<div class=\"elementor-spacer-inner\"><\/div>\n\t\t<\/div>\n\t\t\t\t<\/div>\n\t\t\t\t<\/div>\n\t\t\t\t\t\t<\/div>\n\t\t\t\t\t<\/div>\n\t\t<\/div>\n\t\t\t\t\t\t\t\t<\/div>\n\t\t\t\t\t<\/div>\n\t\t<\/section>\n\t\t\t\t<section class=\"elementor-section elementor-top-section elementor-element elementor-element-bf1b8fb elementor-section-full_width elementor-section-height-default elementor-section-height-default sc_fly_static\" data-id=\"bf1b8fb\" data-element_type=\"section\" data-settings=\"{&quot;background_background&quot;:&quot;classic&quot;}\">\n\t\t\t\t\t\t<div class=\"elementor-container elementor-column-gap-no\">\n\t\t\t\t\t\t\t<div class=\"elementor-row\">\n\t\t\t\t\t<div class=\"elementor-column elementor-col-100 elementor-top-column elementor-element elementor-element-8e566db sc_inner_width_none sc_content_align_inherit sc_layouts_column_icons_position_left sc_fly_static\" data-id=\"8e566db\" data-element_type=\"column\">\n\t\t\t<div class=\"elementor-column-wrap elementor-element-populated\">\n\t\t\t\t\t\t\t<div class=\"elementor-widget-wrap\">\n\t\t\t\t\t\t<section class=\"elementor-section elementor-inner-section elementor-element elementor-element-951c814 elementor-section-content-top elementor-section-boxed elementor-section-height-default elementor-section-height-default sc_fly_static\" data-id=\"951c814\" data-element_type=\"section\">\n\t\t\t\t\t\t<div class=\"elementor-container elementor-column-gap-extended\">\n\t\t\t\t\t\t\t<div class=\"elementor-row\">\n\t\t\t\t\t<div class=\"elementor-column elementor-col-50 elementor-inner-column elementor-element elementor-element-57247a9 sc_inner_width_none sc_content_align_inherit sc_layouts_column_icons_position_left sc_fly_static\" data-id=\"57247a9\" data-element_type=\"column\">\n\t\t\t<div class=\"elementor-column-wrap elementor-element-populated\">\n\t\t\t\t\t\t\t<div class=\"elementor-widget-wrap\">\n\t\t\t\t\t\t<div class=\"elementor-element elementor-element-3da844e sc_fly_static elementor-widget elementor-widget-spacer\" data-id=\"3da844e\" data-element_type=\"widget\" data-widget_type=\"spacer.default\">\n\t\t\t\t<div class=\"elementor-widget-container\">\n\t\t\t\t\t<div class=\"elementor-spacer\">\n\t\t\t<div class=\"elementor-spacer-inner\"><\/div>\n\t\t<\/div>\n\t\t\t\t<\/div>\n\t\t\t\t<\/div>\n\t\t\t\t<div class=\"elementor-element elementor-element-134cb41 sc_fly_static elementor-widget elementor-widget-text-editor\" data-id=\"134cb41\" data-element_type=\"widget\" data-widget_type=\"text-editor.default\">\n\t\t\t\t<div class=\"elementor-widget-container\">\n\t\t\t\t\t\t\t\t<div class=\"elementor-text-editor elementor-clearfix\">\n\t\t\t\t<p>Afin de venir de la R\u00e9publique D\u00e9mocratique du Congo dans notre pays, un processus a \u00e9t\u00e9 constitu\u00e9 en vertu des m\u00e9thodes d\u2019application de la r\u00e8glementation du minist\u00e8re des affaires ext\u00e9rieures de la r\u00e9publique de Turquie et de ses repr\u00e9sentants locaux pour les demandes n\u00e9cessitant l\u2019application de visa \u00e9tiquette aux citoyens congolais ou aux citoyens d\u2019autres pays vivants au Congo.<\/p><p>Un processus en auto-inspection et auto-d\u00e9veloppement permanent est apparu avec le rassemblement aux opportunit\u00e9s technologiques de notre \u00e9poque afin de pr\u00e9senter le service de la meilleure qualit\u00e9 aux demandeurs.<\/p><p>Notre objectif est de repr\u00e9senter la r\u00e9publique de Turquie et notre repr\u00e9sentant local en R\u00e9publique D\u00e9mocratique du Congo en assurant le meilleur service d\u2019accueil dans un espace \u00e9l\u00e9gant, de mani\u00e8re vivable avec notre \u00e9quipe locale comp\u00e9tente s\u00e9lectionn\u00e9e avec soin.<\/p>\t\t\t\t\t<\/div>\n\t\t\t\t\t\t<\/div>\n\t\t\t\t<\/div>\n\t\t\t\t<div class=\"elementor-element elementor-element-1fb9a5d sc_fly_static elementor-widget elementor-widget-spacer\" data-id=\"1fb9a5d\" data-element_type=\"widget\" data-widget_type=\"spacer.default\">\n\t\t\t\t<div class=\"elementor-widget-container\">\n\t\t\t\t\t<div class=\"elementor-spacer\">\n\t\t\t<div class=\"elementor-spacer-inner\"><\/div>\n\t\t<\/div>\n\t\t\t\t<\/div>\n\t\t\t\t<\/div>\n\t\t\t\t\t\t<\/div>\n\t\t\t\t\t<\/div>\n\t\t<\/div>\n\t\t\t\t<div class=\"elementor-column elementor-col-50 elementor-inner-column elementor-element elementor-element-6367de3 sc_inner_width_none sc_content_align_inherit sc_layouts_column_icons_position_left sc_fly_static\" data-id=\"6367de3\" data-element_type=\"column\">\n\t\t\t<div class=\"elementor-column-wrap elementor-element-populated\">\n\t\t\t\t\t\t\t<div class=\"elementor-widget-wrap\">\n\t\t\t\t\t\t<div class=\"elementor-element elementor-element-905dada sc_fly_static elementor-widget elementor-widget-spacer\" data-id=\"905dada\" data-element_type=\"widget\" data-widget_type=\"spacer.default\">\n\t\t\t\t<div class=\"elementor-widget-container\">\n\t\t\t\t\t<div class=\"elementor-spacer\">\n\t\t\t<div class=\"elementor-spacer-inner\"><\/div>\n\t\t<\/div>\n\t\t\t\t<\/div>\n\t\t\t\t<\/div>\n\t\t\t\t<div class=\"elementor-element elementor-element-ea6bf79 sc_fly_static elementor-widget elementor-widget-image\" data-id=\"ea6bf79\" data-element_type=\"widget\" data-widget_type=\"image.default\">\n\t\t\t\t<div class=\"elementor-widget-container\">\n\t\t\t\t\t\t\t\t<div class=\"elementor-image\">\n\t\t\t\t\t\t\t\t\t\t\t\t<img decoding=\"async\" width=\"641\" height=\"381\" src=\"https:\/\/visa.turkishroute.com\/congo\/wp-content\/uploads\/2023\/05\/anaAltSag.png\" class=\"attachment-full size-full wp-image-25384\" alt=\"\" loading=\"lazy\" srcset=\"https:\/\/visa.turkishroute.com\/congo\/wp-content\/uploads\/2023\/05\/anaAltSag.png 641w, https:\/\/visa.turkishroute.com\/congo\/wp-content\/uploads\/2023\/05\/anaAltSag-300x178.png 300w, https:\/\/visa.turkishroute.com\/congo\/wp-content\/uploads\/2023\/05\/anaAltSag-370x220.png 370w, https:\/\/visa.turkishroute.com\/congo\/wp-content\/uploads\/2023\/05\/anaAltSag-410x244.png 410w\" sizes=\"(max-width: 641px) 100vw, 641px\" \/>\t\t\t\t\t\t\t\t\t\t\t\t\t\t<\/div>\n\t\t\t\t\t\t<\/div>\n\t\t\t\t<\/div>\n\t\t\t\t\t\t<\/div>\n\t\t\t\t\t<\/div>\n\t\t<\/div>\n\t\t\t\t\t\t\t\t<\/div>\n\t\t\t\t\t<\/div>\n\t\t<\/section>\n\t\t\t\t<div class=\"elementor-element elementor-element-c9b52f1 sc_height_small sc_fly_static elementor-widget elementor-widget-spacer\" data-id=\"c9b52f1\" data-element_type=\"widget\" data-widget_type=\"spacer.default\">\n\t\t\t\t<div class=\"elementor-widget-container\">\n\t\t\t\t\t<div class=\"elementor-spacer\">\n\t\t\t<div class=\"elementor-spacer-inner\"><\/div>\n\t\t<\/div>\n\t\t\t\t<\/div>\n\t\t\t\t<\/div>\n\t\t\t\t<div class=\"elementor-element elementor-element-a217b4a sc_height_large sc_fly_static elementor-widget elementor-widget-spacer\" data-id=\"a217b4a\" data-element_type=\"widget\" data-widget_type=\"spacer.default\">\n\t\t\t\t<div class=\"elementor-widget-container\">\n\t\t\t\t\t<div class=\"elementor-spacer\">\n\t\t\t<div class=\"elementor-spacer-inner\"><\/div>\n\t\t<\/div>\n\t\t\t\t<\/div>\n\t\t\t\t<\/div>\n\t\t\t\t\t\t<\/div>\n\t\t\t\t\t<\/div>\n\t\t<\/div>\n\t\t\t\t\t\t\t\t<\/div>\n\t\t\t\t\t<\/div>\n\t\t<\/section>\n\t\t\t\t\t\t\t\t\t<\/div>\n\t\t\t<\/div>\n\t\t\t\t\t<\/div>\n\t\t","protected":false},"excerpt":{"rendered":"<p>A PROPOS DE NOUS Afin de venir de la R\u00e9publique D\u00e9mocratique du Congo dans notre pays, un processus a \u00e9t\u00e9 constitu\u00e9 en vertu des m\u00e9thodes d\u2019application de la r\u00e8glementation du&hellip;<\/p>\n","protected":false},"author":1,"featured_media":0,"parent":0,"menu_order":0,"comment_status":"closed","ping_status":"closed","template":"","meta":[],"_links":{"self":[{"href":"https:\/\/visa.turkishroute.com\/congo\/wp-json\/wp\/v2\/pages\/18312"}],"collection":[{"href":"https:\/\/visa.turkishroute.com\/congo\/wp-json\/wp\/v2\/pages"}],"about":[{"href":"https:\/\/visa.turkishroute.com\/congo\/wp-json\/wp\/v2\/types\/page"}],"author":[{"embeddable":true,"href":"https:\/\/visa.turkishroute.com\/congo\/wp-json\/wp\/v2\/users\/1"}],"replies":[{"embeddable":true,"href":"https:\/\/visa.turkishroute.com\/congo\/wp-json\/wp\/v2\/comments?post=18312"}],"version-history":[{"count":32,"href":"https:\/\/visa.turkishroute.com\/congo\/wp-json\/wp\/v2\/pages\/18312\/revisions"}],"predecessor-version":[{"id":25806,"href":"https:\/\/visa.turkishroute.com\/congo\/wp-json\/wp\/v2\/pages\/18312\/revisions\/25806"}],"wp:attachment":[{"href":"https:\/\/visa.turkishroute.com\/congo\/wp-json\/wp\/v2\/media?parent=18312"}],"curies":[{"name":"wp","href":"https:\/\/api.w.org\/{rel}","templated":true}]}}