{"id":25505,"date":"2023-05-09T21:45:09","date_gmt":"2023-05-09T18:45:09","guid":{"rendered":"https:\/\/visa.turkishroute.com\/congo\/?page_id=25505"},"modified":"2024-11-07T20:09:07","modified_gmt":"2024-11-07T17:09:07","slug":"employment-visa","status":"publish","type":"page","link":"https:\/\/visa.turkishroute.com\/congo\/employment-visa\/","title":{"rendered":"Le visa de travail"},"content":{"rendered":"\t\t<div data-elementor-type=\"wp-page\" data-elementor-id=\"25505\" class=\"elementor elementor-25505\">\n\t\t\t\t\t\t<div class=\"elementor-inner\">\n\t\t\t\t<div class=\"elementor-section-wrap\">\n\t\t\t\t\t\t\t\t\t<section class=\"elementor-section elementor-top-section elementor-element elementor-element-870803f elementor-section-boxed elementor-section-height-default elementor-section-height-default sc_fly_static\" data-id=\"870803f\" data-element_type=\"section\" data-settings=\"{&quot;background_background&quot;:&quot;classic&quot;}\">\n\t\t\t\t\t\t<div class=\"elementor-container elementor-column-gap-extended\">\n\t\t\t\t\t\t\t<div class=\"elementor-row\">\n\t\t\t\t\t<div class=\"elementor-column elementor-col-100 elementor-top-column elementor-element elementor-element-84d9684 sc_inner_width_none sc_content_align_inherit sc_layouts_column_icons_position_left sc_fly_static\" data-id=\"84d9684\" data-element_type=\"column\">\n\t\t\t<div class=\"elementor-column-wrap elementor-element-populated\">\n\t\t\t\t\t\t\t<div class=\"elementor-widget-wrap\">\n\t\t\t\t\t\t<div class=\"elementor-element elementor-element-7e6b35d sc_height_huge sc_fly_static elementor-widget elementor-widget-spacer\" data-id=\"7e6b35d\" data-element_type=\"widget\" data-widget_type=\"spacer.default\">\n\t\t\t\t<div class=\"elementor-widget-container\">\n\t\t\t\t\t<div class=\"elementor-spacer\">\n\t\t\t<div class=\"elementor-spacer-inner\"><\/div>\n\t\t<\/div>\n\t\t\t\t<\/div>\n\t\t\t\t<\/div>\n\t\t\t\t<div class=\"elementor-element elementor-element-1b8621d sc_fly_static elementor-widget elementor-widget-heading\" data-id=\"1b8621d\" data-element_type=\"widget\" data-widget_type=\"heading.default\">\n\t\t\t\t<div class=\"elementor-widget-container\">\n\t\t\t<h2 class=\"elementor-heading-title elementor-size-default\">LE VISA DE TRAVAIL<\/h2>\t\t<\/div>\n\t\t\t\t<\/div>\n\t\t\t\t\t\t<\/div>\n\t\t\t\t\t<\/div>\n\t\t<\/div>\n\t\t\t\t\t\t\t\t<\/div>\n\t\t\t\t\t<\/div>\n\t\t<\/section>\n\t\t\t\t<section class=\"elementor-section elementor-top-section elementor-element elementor-element-bf91fce elementor-section-boxed elementor-section-height-default elementor-section-height-default sc_fly_static\" data-id=\"bf91fce\" data-element_type=\"section\" data-settings=\"{&quot;background_background&quot;:&quot;classic&quot;}\">\n\t\t\t\t\t\t<div class=\"elementor-container elementor-column-gap-extended\">\n\t\t\t\t\t\t\t<div class=\"elementor-row\">\n\t\t\t\t\t<div class=\"elementor-column elementor-col-100 elementor-top-column elementor-element elementor-element-f5aeb4b sc_inner_width_none sc_content_align_inherit sc_layouts_column_icons_position_left sc_fly_static\" data-id=\"f5aeb4b\" data-element_type=\"column\">\n\t\t\t<div class=\"elementor-column-wrap elementor-element-populated\">\n\t\t\t\t\t\t\t<div class=\"elementor-widget-wrap\">\n\t\t\t\t\t\t<div class=\"elementor-element elementor-element-b17ad5f sc_height_huge sc_fly_static elementor-widget elementor-widget-spacer\" data-id=\"b17ad5f\" data-element_type=\"widget\" data-widget_type=\"spacer.default\">\n\t\t\t\t<div class=\"elementor-widget-container\">\n\t\t\t\t\t<div class=\"elementor-spacer\">\n\t\t\t<div class=\"elementor-spacer-inner\"><\/div>\n\t\t<\/div>\n\t\t\t\t<\/div>\n\t\t\t\t<\/div>\n\t\t\t\t\t\t<\/div>\n\t\t\t\t\t<\/div>\n\t\t<\/div>\n\t\t\t\t\t\t\t\t<\/div>\n\t\t\t\t\t<\/div>\n\t\t<\/section>\n\t\t\t\t<section class=\"elementor-section elementor-top-section elementor-element elementor-element-bf1b8fb elementor-section-full_width elementor-section-height-default elementor-section-height-default sc_fly_static\" data-id=\"bf1b8fb\" data-element_type=\"section\" data-settings=\"{&quot;background_background&quot;:&quot;classic&quot;}\">\n\t\t\t\t\t\t<div class=\"elementor-container elementor-column-gap-no\">\n\t\t\t\t\t\t\t<div class=\"elementor-row\">\n\t\t\t\t\t<div class=\"elementor-column elementor-col-100 elementor-top-column elementor-element elementor-element-8e566db sc_inner_width_none sc_content_align_inherit sc_layouts_column_icons_position_left sc_fly_static\" data-id=\"8e566db\" data-element_type=\"column\">\n\t\t\t<div class=\"elementor-column-wrap elementor-element-populated\">\n\t\t\t\t\t\t\t<div class=\"elementor-widget-wrap\">\n\t\t\t\t\t\t<section class=\"elementor-section elementor-inner-section elementor-element elementor-element-951c814 elementor-section-content-top elementor-section-boxed elementor-section-height-default elementor-section-height-default sc_fly_static\" data-id=\"951c814\" data-element_type=\"section\">\n\t\t\t\t\t\t<div class=\"elementor-container elementor-column-gap-extended\">\n\t\t\t\t\t\t\t<div class=\"elementor-row\">\n\t\t\t\t\t<div class=\"elementor-column elementor-col-50 elementor-inner-column elementor-element elementor-element-57247a9 sc_inner_width_none sc_content_align_inherit sc_layouts_column_icons_position_left sc_fly_static\" data-id=\"57247a9\" data-element_type=\"column\">\n\t\t\t<div class=\"elementor-column-wrap elementor-element-populated\">\n\t\t\t\t\t\t\t<div class=\"elementor-widget-wrap\">\n\t\t\t\t\t\t<div class=\"elementor-element elementor-element-3da844e sc_fly_static elementor-widget elementor-widget-spacer\" data-id=\"3da844e\" data-element_type=\"widget\" data-widget_type=\"spacer.default\">\n\t\t\t\t<div class=\"elementor-widget-container\">\n\t\t\t\t\t<div class=\"elementor-spacer\">\n\t\t\t<div class=\"elementor-spacer-inner\"><\/div>\n\t\t<\/div>\n\t\t\t\t<\/div>\n\t\t\t\t<\/div>\n\t\t\t\t<div class=\"elementor-element elementor-element-134cb41 sc_fly_static elementor-widget elementor-widget-text-editor\" data-id=\"134cb41\" data-element_type=\"widget\" data-widget_type=\"text-editor.default\">\n\t\t\t\t<div class=\"elementor-widget-container\">\n\t\t\t\t\t\t\t\t<div class=\"elementor-text-editor elementor-clearfix\">\n\t\t\t\t<p><strong>Les documents n\u00e9cessaires<\/strong><\/p><p><strong>Le passeport<\/strong><\/p><p>Le passeport valide au moins 7 mois \u00e0 partir de la date de d\u00e9part en T\u00fcrkiye et avec au moins 2 pages vierges.<\/p><p><strong>La Photographie Biom\u00e9trique<\/strong><\/p><p>La photographie biom\u00e9trique instantan\u00e9e est prise sur place dans notre bureau.<\/p><p><strong>L\u2019assurance Voyage<\/strong><\/p><p>L\u2019assurance voyage valable en Turquie \u00e0 partir de la date de voyage est n\u00e9cessaire et payable sur place dans notre bureau avec des prix avantageux<\/p><p><strong>La r\u00e9servation de billet d\u2019avion et h\u00f4tel<\/strong><\/p><p>La r\u00e9servation du billet d\u2019avion aller-retour (il n\u2019est pas conseill\u00e9 d\u2019acheter le billet sans avoir le r\u00e9sultat de votre demande de visa)<\/p><p><strong>L\u2019extrait de registre de casier judiciaire (pour les adultes)<\/strong><\/p><p>Il est n\u00e9cessaire que le demandeur pr\u00e9sente un extrait de registre de casier judiciaire dat\u00e9 de moins de 6 mois.<\/p><p><strong>Les documents suppl\u00e9mentaires<\/strong><\/p><p>Le contrat de travail sign\u00e9 entre l\u2019employ\u00e9 et l\u2019employeur, les documents qui attestent l\u2019existence de la soci\u00e9t\u00e9 en T\u00fcrkiye.<\/p><p><strong>VISA DE COURRIER \/ D\u2019ATTRIBUTION A UNE FONCTION<\/strong><\/p><p><strong>Les documents n\u00e9cessaires<\/strong><\/p><p><strong>Le passeport<\/strong><\/p><p>Le passeport valide au moins 7 mois \u00e0 partir de la date de d\u00e9part en T\u00fcrkiye et avec au moins 2 pages vierges.<\/p><p><strong>La Photographie Biom\u00e9trique<\/strong><\/p><p>La photographie biom\u00e9trique instantan\u00e9e est prise sur place dans notre bureau.<\/p><p><strong>Les documents suppl\u00e9mentaires<\/strong><\/p><p>Un document de mise en fonction officiel et la note verbale du minist\u00e8re des affaires \u00e9trang\u00e8res.<\/p>\t\t\t\t\t<\/div>\n\t\t\t\t\t\t<\/div>\n\t\t\t\t<\/div>\n\t\t\t\t<div class=\"elementor-element elementor-element-1fb9a5d sc_fly_static elementor-widget elementor-widget-spacer\" data-id=\"1fb9a5d\" data-element_type=\"widget\" data-widget_type=\"spacer.default\">\n\t\t\t\t<div class=\"elementor-widget-container\">\n\t\t\t\t\t<div class=\"elementor-spacer\">\n\t\t\t<div class=\"elementor-spacer-inner\"><\/div>\n\t\t<\/div>\n\t\t\t\t<\/div>\n\t\t\t\t<\/div>\n\t\t\t\t\t\t<\/div>\n\t\t\t\t\t<\/div>\n\t\t<\/div>\n\t\t\t\t<div class=\"elementor-column elementor-col-50 elementor-inner-column elementor-element elementor-element-6367de3 sc_inner_width_none sc_content_align_inherit sc_layouts_column_icons_position_left sc_fly_static\" data-id=\"6367de3\" data-element_type=\"column\">\n\t\t\t<div class=\"elementor-column-wrap elementor-element-populated\">\n\t\t\t\t\t\t\t<div class=\"elementor-widget-wrap\">\n\t\t\t\t\t\t<div class=\"elementor-element elementor-element-905dada sc_fly_static elementor-widget elementor-widget-spacer\" data-id=\"905dada\" data-element_type=\"widget\" data-widget_type=\"spacer.default\">\n\t\t\t\t<div class=\"elementor-widget-container\">\n\t\t\t\t\t<div class=\"elementor-spacer\">\n\t\t\t<div class=\"elementor-spacer-inner\"><\/div>\n\t\t<\/div>\n\t\t\t\t<\/div>\n\t\t\t\t<\/div>\n\t\t\t\t<div class=\"elementor-element elementor-element-ea6bf79 sc_fly_static elementor-widget elementor-widget-image\" data-id=\"ea6bf79\" data-element_type=\"widget\" data-widget_type=\"image.default\">\n\t\t\t\t<div class=\"elementor-widget-container\">\n\t\t\t\t\t\t\t\t<div class=\"elementor-image\">\n\t\t\t\t\t\t\t\t\t\t\t\t<img decoding=\"async\" width=\"666\" height=\"396\" src=\"https:\/\/visa.turkishroute.com\/congo\/wp-content\/uploads\/2023\/05\/EMPLOYMENT-VISIT.jpg\" class=\"attachment-full size-full wp-image-25656\" alt=\"\" loading=\"lazy\" srcset=\"https:\/\/visa.turkishroute.com\/congo\/wp-content\/uploads\/2023\/05\/EMPLOYMENT-VISIT.jpg 666w, https:\/\/visa.turkishroute.com\/congo\/wp-content\/uploads\/2023\/05\/EMPLOYMENT-VISIT-300x178.jpg 300w, https:\/\/visa.turkishroute.com\/congo\/wp-content\/uploads\/2023\/05\/EMPLOYMENT-VISIT-370x220.jpg 370w, https:\/\/visa.turkishroute.com\/congo\/wp-content\/uploads\/2023\/05\/EMPLOYMENT-VISIT-410x244.jpg 410w\" sizes=\"(max-width: 666px) 100vw, 666px\" \/>\t\t\t\t\t\t\t\t\t\t\t\t\t\t<\/div>\n\t\t\t\t\t\t<\/div>\n\t\t\t\t<\/div>\n\t\t\t\t\t\t<\/div>\n\t\t\t\t\t<\/div>\n\t\t<\/div>\n\t\t\t\t\t\t\t\t<\/div>\n\t\t\t\t\t<\/div>\n\t\t<\/section>\n\t\t\t\t<div class=\"elementor-element elementor-element-c9b52f1 sc_height_small sc_fly_static elementor-widget elementor-widget-spacer\" data-id=\"c9b52f1\" data-element_type=\"widget\" data-widget_type=\"spacer.default\">\n\t\t\t\t<div class=\"elementor-widget-container\">\n\t\t\t\t\t<div class=\"elementor-spacer\">\n\t\t\t<div class=\"elementor-spacer-inner\"><\/div>\n\t\t<\/div>\n\t\t\t\t<\/div>\n\t\t\t\t<\/div>\n\t\t\t\t<div class=\"elementor-element elementor-element-a217b4a sc_height_large sc_fly_static elementor-widget elementor-widget-spacer\" data-id=\"a217b4a\" data-element_type=\"widget\" data-widget_type=\"spacer.default\">\n\t\t\t\t<div class=\"elementor-widget-container\">\n\t\t\t\t\t<div class=\"elementor-spacer\">\n\t\t\t<div class=\"elementor-spacer-inner\"><\/div>\n\t\t<\/div>\n\t\t\t\t<\/div>\n\t\t\t\t<\/div>\n\t\t\t\t\t\t<\/div>\n\t\t\t\t\t<\/div>\n\t\t<\/div>\n\t\t\t\t\t\t\t\t<\/div>\n\t\t\t\t\t<\/div>\n\t\t<\/section>\n\t\t\t\t\t\t\t\t\t<\/div>\n\t\t\t<\/div>\n\t\t\t\t\t<\/div>\n\t\t","protected":false},"excerpt":{"rendered":"<p>LE VISA DE TRAVAIL Les documents n\u00e9cessaires Le passeport Le passeport valide au moins 7 mois \u00e0 partir de la date de d\u00e9part en T\u00fcrkiye et avec au moins 2&hellip;<\/p>\n","protected":false},"author":1,"featured_media":0,"parent":0,"menu_order":0,"comment_status":"closed","ping_status":"closed","template":"","meta":[],"_links":{"self":[{"href":"https:\/\/visa.turkishroute.com\/congo\/wp-json\/wp\/v2\/pages\/25505"}],"collection":[{"href":"https:\/\/visa.turkishroute.com\/congo\/wp-json\/wp\/v2\/pages"}],"about":[{"href":"https:\/\/visa.turkishroute.com\/congo\/wp-json\/wp\/v2\/types\/page"}],"author":[{"embeddable":true,"href":"https:\/\/visa.turkishroute.com\/congo\/wp-json\/wp\/v2\/users\/1"}],"replies":[{"embeddable":true,"href":"https:\/\/visa.turkishroute.com\/congo\/wp-json\/wp\/v2\/comments?post=25505"}],"version-history":[{"count":14,"href":"https:\/\/visa.turkishroute.com\/congo\/wp-json\/wp\/v2\/pages\/25505\/revisions"}],"predecessor-version":[{"id":25827,"href":"https:\/\/visa.turkishroute.com\/congo\/wp-json\/wp\/v2\/pages\/25505\/revisions\/25827"}],"wp:attachment":[{"href":"https:\/\/visa.turkishroute.com\/congo\/wp-json\/wp\/v2\/media?parent=25505"}],"curies":[{"name":"wp","href":"https:\/\/api.w.org\/{rel}","templated":true}]}}