{"id":25098,"date":"2023-05-06T19:43:18","date_gmt":"2023-05-06T16:43:18","guid":{"rendered":"https:\/\/visa.turkishroute.com\/turkey\/?page_id=25098"},"modified":"2023-05-17T16:04:52","modified_gmt":"2023-05-17T13:04:52","slug":"useful-information","status":"publish","type":"page","link":"https:\/\/visa.turkishroute.com\/turkey\/useful-information\/","title":{"rendered":"Faydal\u0131 Bilgiler"},"content":{"rendered":"\t\t<div data-elementor-type=\"wp-page\" data-elementor-id=\"25098\" class=\"elementor elementor-25098\">\n\t\t\t\t\t\t<div class=\"elementor-inner\">\n\t\t\t\t<div class=\"elementor-section-wrap\">\n\t\t\t\t\t\t\t\t\t<section class=\"elementor-section elementor-top-section elementor-element elementor-element-870803f elementor-section-boxed elementor-section-height-default elementor-section-height-default sc_fly_static\" data-id=\"870803f\" data-element_type=\"section\" data-settings=\"{&quot;background_background&quot;:&quot;classic&quot;}\">\n\t\t\t\t\t\t<div class=\"elementor-container elementor-column-gap-extended\">\n\t\t\t\t\t\t\t<div class=\"elementor-row\">\n\t\t\t\t\t<div class=\"elementor-column elementor-col-100 elementor-top-column elementor-element elementor-element-84d9684 sc_inner_width_none sc_content_align_inherit sc_layouts_column_icons_position_left sc_fly_static\" data-id=\"84d9684\" data-element_type=\"column\">\n\t\t\t<div class=\"elementor-column-wrap elementor-element-populated\">\n\t\t\t\t\t\t\t<div class=\"elementor-widget-wrap\">\n\t\t\t\t\t\t<div class=\"elementor-element elementor-element-7e6b35d sc_height_huge sc_fly_static elementor-widget elementor-widget-spacer\" data-id=\"7e6b35d\" data-element_type=\"widget\" data-widget_type=\"spacer.default\">\n\t\t\t\t<div class=\"elementor-widget-container\">\n\t\t\t\t\t<div class=\"elementor-spacer\">\n\t\t\t<div class=\"elementor-spacer-inner\"><\/div>\n\t\t<\/div>\n\t\t\t\t<\/div>\n\t\t\t\t<\/div>\n\t\t\t\t<div class=\"elementor-element elementor-element-1b8621d sc_fly_static elementor-widget elementor-widget-heading\" data-id=\"1b8621d\" data-element_type=\"widget\" data-widget_type=\"heading.default\">\n\t\t\t\t<div class=\"elementor-widget-container\">\n\t\t\t<h2 class=\"elementor-heading-title elementor-size-default\">FAYDALI B\u0130LG\u0130LER<\/h2>\t\t<\/div>\n\t\t\t\t<\/div>\n\t\t\t\t\t\t<\/div>\n\t\t\t\t\t<\/div>\n\t\t<\/div>\n\t\t\t\t\t\t\t\t<\/div>\n\t\t\t\t\t<\/div>\n\t\t<\/section>\n\t\t\t\t<section class=\"elementor-section elementor-top-section elementor-element elementor-element-bf91fce elementor-section-boxed elementor-section-height-default elementor-section-height-default sc_fly_static\" data-id=\"bf91fce\" data-element_type=\"section\" data-settings=\"{&quot;background_background&quot;:&quot;classic&quot;}\">\n\t\t\t\t\t\t<div class=\"elementor-container elementor-column-gap-extended\">\n\t\t\t\t\t\t\t<div class=\"elementor-row\">\n\t\t\t\t\t<div class=\"elementor-column elementor-col-100 elementor-top-column elementor-element elementor-element-f5aeb4b sc_inner_width_none sc_content_align_inherit sc_layouts_column_icons_position_left sc_fly_static\" data-id=\"f5aeb4b\" data-element_type=\"column\">\n\t\t\t<div class=\"elementor-column-wrap elementor-element-populated\">\n\t\t\t\t\t\t\t<div class=\"elementor-widget-wrap\">\n\t\t\t\t\t\t<div class=\"elementor-element elementor-element-b17ad5f sc_height_huge sc_fly_static elementor-widget elementor-widget-spacer\" data-id=\"b17ad5f\" data-element_type=\"widget\" data-widget_type=\"spacer.default\">\n\t\t\t\t<div class=\"elementor-widget-container\">\n\t\t\t\t\t<div class=\"elementor-spacer\">\n\t\t\t<div class=\"elementor-spacer-inner\"><\/div>\n\t\t<\/div>\n\t\t\t\t<\/div>\n\t\t\t\t<\/div>\n\t\t\t\t\t\t<\/div>\n\t\t\t\t\t<\/div>\n\t\t<\/div>\n\t\t\t\t\t\t\t\t<\/div>\n\t\t\t\t\t<\/div>\n\t\t<\/section>\n\t\t\t\t<section class=\"elementor-section elementor-top-section elementor-element elementor-element-bf1b8fb elementor-section-boxed elementor-section-height-default elementor-section-height-default sc_fly_static\" data-id=\"bf1b8fb\" data-element_type=\"section\" data-settings=\"{&quot;background_background&quot;:&quot;classic&quot;}\">\n\t\t\t\t\t\t<div class=\"elementor-container elementor-column-gap-no\">\n\t\t\t\t\t\t\t<div class=\"elementor-row\">\n\t\t\t\t\t<div class=\"elementor-column elementor-col-100 elementor-top-column elementor-element elementor-element-8e566db sc_inner_width_none sc_content_align_inherit sc_layouts_column_icons_position_left sc_fly_static\" data-id=\"8e566db\" data-element_type=\"column\">\n\t\t\t<div class=\"elementor-column-wrap elementor-element-populated\">\n\t\t\t\t\t\t\t<div class=\"elementor-widget-wrap\">\n\t\t\t\t\t\t<div class=\"elementor-element elementor-element-c9b52f1 sc_height_small sc_fly_static elementor-widget elementor-widget-spacer\" data-id=\"c9b52f1\" data-element_type=\"widget\" data-widget_type=\"spacer.default\">\n\t\t\t\t<div class=\"elementor-widget-container\">\n\t\t\t\t\t<div class=\"elementor-spacer\">\n\t\t\t<div class=\"elementor-spacer-inner\"><\/div>\n\t\t<\/div>\n\t\t\t\t<\/div>\n\t\t\t\t<\/div>\n\t\t\t\t<div class=\"elementor-element elementor-element-b808a79 sc_fly_static elementor-widget elementor-widget-text-editor\" data-id=\"b808a79\" data-element_type=\"widget\" data-widget_type=\"text-editor.default\">\n\t\t\t\t<div class=\"elementor-widget-container\">\n\t\t\t\t\t\t\t\t<div class=\"elementor-text-editor elementor-clearfix\">\n\t\t\t\t<p><b>Biyometrik Vize<\/b><\/p><p>T\u00fcrkiye Cumhuriyeti, biyometrik vize kural\u0131n\u0131 uygulamaya ba\u015flam\u0131\u015ft\u0131r. Ki\u015fisel olarak yap\u0131lan herhangi bir ba\u015fvuru ile birlikte kimlik do\u011frulamas\u0131 yap\u0131l\u0131p, anl\u0131k biyometrik foto\u011fraf ve parmak izi al\u0131nmas\u0131 gerekmektedir.<\/p><p><b style=\"font-family: inherit; font-style: inherit; color: var(--theme-color-text); letter-spacing: 0px;\">Ba\u015fvuru S\u00fcresi<\/b><\/p><p>Ba\u015fvuru de\u011ferlendirme s\u00fcreci; T\u00fcrkiye Cumhuriyeti \u0130\u00e7i\u015fleri Bakanl\u0131\u011f\u0131 G\u00f6\u00e7 \u0130daresi Genel M\u00fcd\u00fcrl\u00fc\u011f\u00fc&#8217;n\u00fcn de\u011ferlendirmesi ve onay\u0131yla olacakt\u0131r.<\/p><p><b>Seyahat, Sigorta Kapsam\u0131 ve Rezervasyon Tarihleri<\/b><\/p><p>\u015eirketimiz taraf\u0131ndan d\u00fczenlenen seyahat sa\u011fl\u0131k sigortas\u0131 T\u00fcrkiye&#8217;ye giri\u015f tarihi itibariyle ge\u00e7erli olup, T\u00fcrkiye&#8217;de kald\u0131\u011f\u0131n\u0131z s\u00fcre boyunca ge\u00e7erli olacakt\u0131r.<\/p><p>Vizenin ge\u00e7erlilik s\u00fcresi ve kal\u0131\u015f g\u00fcn\u00fc, vize verildikten sonra de\u011fi\u015ftirilemez veya uzat\u0131lamaz.<\/p><p><b>Reddetme<\/b><\/p><p>Ba\u015fvurunun reddedilme nedenlerini a\u00e7\u0131klamam\u0131z gerekmemektedir. Reddedilme durumunda, ba\u015fvuru sahibi tekrar ba\u015fvurabilir.<\/p><p><b>\u00dccretlerin \u0130adesi<\/b><\/p><p>Ofisimize yap\u0131lan \u00f6demeler iade edilmez.<\/p><p><b>Sahte Belgeler<\/b><\/p><p>Sahte belgelerin ibraz\u0131 bir su\u00e7tur ve T\u00fcrkiye Cumhuriyeti kanunlar\u0131na g\u00f6re cezaland\u0131r\u0131l\u0131r.<\/p>\t\t\t\t\t<\/div>\n\t\t\t\t\t\t<\/div>\n\t\t\t\t<\/div>\n\t\t\t\t\t\t<\/div>\n\t\t\t\t\t<\/div>\n\t\t<\/div>\n\t\t\t\t\t\t\t\t<\/div>\n\t\t\t\t\t<\/div>\n\t\t<\/section>\n\t\t\t\t<section class=\"elementor-section elementor-top-section elementor-element elementor-element-030d16c elementor-section-boxed elementor-section-height-default elementor-section-height-default sc_fly_static\" data-id=\"030d16c\" data-element_type=\"section\" data-settings=\"{&quot;background_background&quot;:&quot;classic&quot;}\">\n\t\t\t\t\t\t<div class=\"elementor-container elementor-column-gap-extended\">\n\t\t\t\t\t\t\t<div class=\"elementor-row\">\n\t\t\t\t\t<div class=\"elementor-column elementor-col-100 elementor-top-column elementor-element elementor-element-5872386 sc_inner_width_none sc_content_align_inherit sc_layouts_column_icons_position_left sc_fly_static\" data-id=\"5872386\" data-element_type=\"column\">\n\t\t\t<div class=\"elementor-column-wrap elementor-element-populated\">\n\t\t\t\t\t\t\t<div class=\"elementor-widget-wrap\">\n\t\t\t\t\t\t<div class=\"elementor-element elementor-element-ef28fc3 sc_height_huge sc_fly_static elementor-widget elementor-widget-spacer\" data-id=\"ef28fc3\" data-element_type=\"widget\" data-widget_type=\"spacer.default\">\n\t\t\t\t<div class=\"elementor-widget-container\">\n\t\t\t\t\t<div class=\"elementor-spacer\">\n\t\t\t<div class=\"elementor-spacer-inner\"><\/div>\n\t\t<\/div>\n\t\t\t\t<\/div>\n\t\t\t\t<\/div>\n\t\t\t\t\t\t<\/div>\n\t\t\t\t\t<\/div>\n\t\t<\/div>\n\t\t\t\t\t\t\t\t<\/div>\n\t\t\t\t\t<\/div>\n\t\t<\/section>\n\t\t\t\t\t\t\t\t\t<\/div>\n\t\t\t<\/div>\n\t\t\t\t\t<\/div>\n\t\t","protected":false},"excerpt":{"rendered":"<p>FAYDALI B\u0130LG\u0130LER Biyometrik Vize T\u00fcrkiye Cumhuriyeti, biyometrik vize kural\u0131n\u0131 uygulamaya ba\u015flam\u0131\u015ft\u0131r. Ki\u015fisel olarak yap\u0131lan herhangi bir ba\u015fvuru ile birlikte kimlik do\u011frulamas\u0131 yap\u0131l\u0131p, anl\u0131k biyometrik foto\u011fraf ve parmak izi al\u0131nmas\u0131 gerekmektedir.&hellip;<\/p>\n","protected":false},"author":1,"featured_media":0,"parent":0,"menu_order":0,"comment_status":"closed","ping_status":"closed","template":"","meta":[],"_links":{"self":[{"href":"https:\/\/visa.turkishroute.com\/turkey\/wp-json\/wp\/v2\/pages\/25098"}],"collection":[{"href":"https:\/\/visa.turkishroute.com\/turkey\/wp-json\/wp\/v2\/pages"}],"about":[{"href":"https:\/\/visa.turkishroute.com\/turkey\/wp-json\/wp\/v2\/types\/page"}],"author":[{"embeddable":true,"href":"https:\/\/visa.turkishroute.com\/turkey\/wp-json\/wp\/v2\/users\/1"}],"replies":[{"embeddable":true,"href":"https:\/\/visa.turkishroute.com\/turkey\/wp-json\/wp\/v2\/comments?post=25098"}],"version-history":[{"count":26,"href":"https:\/\/visa.turkishroute.com\/turkey\/wp-json\/wp\/v2\/pages\/25098\/revisions"}],"predecessor-version":[{"id":25693,"href":"https:\/\/visa.turkishroute.com\/turkey\/wp-json\/wp\/v2\/pages\/25098\/revisions\/25693"}],"wp:attachment":[{"href":"https:\/\/visa.turkishroute.com\/turkey\/wp-json\/wp\/v2\/media?parent=25098"}],"curies":[{"name":"wp","href":"https:\/\/api.w.org\/{rel}","templated":true}]}}