{"id":25498,"date":"2023-05-09T21:42:19","date_gmt":"2023-05-09T18:42:19","guid":{"rendered":"https:\/\/visa.turkishroute.com\/turkey\/?page_id=25498"},"modified":"2023-05-16T03:00:25","modified_gmt":"2023-05-16T00:00:25","slug":"employment-visa","status":"publish","type":"page","link":"https:\/\/visa.turkishroute.com\/turkey\/employment-visa\/","title":{"rendered":"\u00c7al\u0131\u015fma Vize"},"content":{"rendered":"\t\t<div data-elementor-type=\"wp-page\" data-elementor-id=\"25498\" class=\"elementor elementor-25498\">\n\t\t\t\t\t\t<div class=\"elementor-inner\">\n\t\t\t\t<div class=\"elementor-section-wrap\">\n\t\t\t\t\t\t\t\t\t<section class=\"elementor-section elementor-top-section elementor-element elementor-element-870803f elementor-section-boxed elementor-section-height-default elementor-section-height-default sc_fly_static\" data-id=\"870803f\" data-element_type=\"section\" data-settings=\"{&quot;background_background&quot;:&quot;classic&quot;}\">\n\t\t\t\t\t\t<div class=\"elementor-container elementor-column-gap-extended\">\n\t\t\t\t\t\t\t<div class=\"elementor-row\">\n\t\t\t\t\t<div class=\"elementor-column elementor-col-100 elementor-top-column elementor-element elementor-element-84d9684 sc_inner_width_none sc_content_align_inherit sc_layouts_column_icons_position_left sc_fly_static\" data-id=\"84d9684\" data-element_type=\"column\">\n\t\t\t<div class=\"elementor-column-wrap elementor-element-populated\">\n\t\t\t\t\t\t\t<div class=\"elementor-widget-wrap\">\n\t\t\t\t\t\t<div class=\"elementor-element elementor-element-7e6b35d sc_height_huge sc_fly_static elementor-widget elementor-widget-spacer\" data-id=\"7e6b35d\" data-element_type=\"widget\" data-widget_type=\"spacer.default\">\n\t\t\t\t<div class=\"elementor-widget-container\">\n\t\t\t\t\t<div class=\"elementor-spacer\">\n\t\t\t<div class=\"elementor-spacer-inner\"><\/div>\n\t\t<\/div>\n\t\t\t\t<\/div>\n\t\t\t\t<\/div>\n\t\t\t\t<div class=\"elementor-element elementor-element-1b8621d sc_fly_static elementor-widget elementor-widget-heading\" data-id=\"1b8621d\" data-element_type=\"widget\" data-widget_type=\"heading.default\">\n\t\t\t\t<div class=\"elementor-widget-container\">\n\t\t\t<h2 class=\"elementor-heading-title elementor-size-default\">\u00c7ALI\u015eMA V\u0130ZE<\/h2>\t\t<\/div>\n\t\t\t\t<\/div>\n\t\t\t\t\t\t<\/div>\n\t\t\t\t\t<\/div>\n\t\t<\/div>\n\t\t\t\t\t\t\t\t<\/div>\n\t\t\t\t\t<\/div>\n\t\t<\/section>\n\t\t\t\t<section class=\"elementor-section elementor-top-section elementor-element elementor-element-bf91fce elementor-section-boxed elementor-section-height-default elementor-section-height-default sc_fly_static\" data-id=\"bf91fce\" data-element_type=\"section\" data-settings=\"{&quot;background_background&quot;:&quot;classic&quot;}\">\n\t\t\t\t\t\t<div class=\"elementor-container elementor-column-gap-extended\">\n\t\t\t\t\t\t\t<div class=\"elementor-row\">\n\t\t\t\t\t<div class=\"elementor-column elementor-col-100 elementor-top-column elementor-element elementor-element-f5aeb4b sc_inner_width_none sc_content_align_inherit sc_layouts_column_icons_position_left sc_fly_static\" data-id=\"f5aeb4b\" data-element_type=\"column\">\n\t\t\t<div class=\"elementor-column-wrap elementor-element-populated\">\n\t\t\t\t\t\t\t<div class=\"elementor-widget-wrap\">\n\t\t\t\t\t\t<div class=\"elementor-element elementor-element-b17ad5f sc_height_huge sc_fly_static elementor-widget elementor-widget-spacer\" data-id=\"b17ad5f\" data-element_type=\"widget\" data-widget_type=\"spacer.default\">\n\t\t\t\t<div class=\"elementor-widget-container\">\n\t\t\t\t\t<div class=\"elementor-spacer\">\n\t\t\t<div class=\"elementor-spacer-inner\"><\/div>\n\t\t<\/div>\n\t\t\t\t<\/div>\n\t\t\t\t<\/div>\n\t\t\t\t\t\t<\/div>\n\t\t\t\t\t<\/div>\n\t\t<\/div>\n\t\t\t\t\t\t\t\t<\/div>\n\t\t\t\t\t<\/div>\n\t\t<\/section>\n\t\t\t\t<section class=\"elementor-section elementor-top-section elementor-element elementor-element-bf1b8fb elementor-section-full_width elementor-section-height-default elementor-section-height-default sc_fly_static\" data-id=\"bf1b8fb\" data-element_type=\"section\" data-settings=\"{&quot;background_background&quot;:&quot;classic&quot;}\">\n\t\t\t\t\t\t<div class=\"elementor-container elementor-column-gap-no\">\n\t\t\t\t\t\t\t<div class=\"elementor-row\">\n\t\t\t\t\t<div class=\"elementor-column elementor-col-100 elementor-top-column elementor-element elementor-element-8e566db sc_inner_width_none sc_content_align_inherit sc_layouts_column_icons_position_left sc_fly_static\" data-id=\"8e566db\" data-element_type=\"column\">\n\t\t\t<div class=\"elementor-column-wrap elementor-element-populated\">\n\t\t\t\t\t\t\t<div class=\"elementor-widget-wrap\">\n\t\t\t\t\t\t<section class=\"elementor-section elementor-inner-section elementor-element elementor-element-951c814 elementor-section-content-top elementor-section-boxed elementor-section-height-default elementor-section-height-default sc_fly_static\" data-id=\"951c814\" data-element_type=\"section\">\n\t\t\t\t\t\t<div class=\"elementor-container elementor-column-gap-extended\">\n\t\t\t\t\t\t\t<div class=\"elementor-row\">\n\t\t\t\t\t<div class=\"elementor-column elementor-col-50 elementor-inner-column elementor-element elementor-element-57247a9 sc_inner_width_none sc_content_align_inherit sc_layouts_column_icons_position_left sc_fly_static\" data-id=\"57247a9\" data-element_type=\"column\">\n\t\t\t<div class=\"elementor-column-wrap elementor-element-populated\">\n\t\t\t\t\t\t\t<div class=\"elementor-widget-wrap\">\n\t\t\t\t\t\t<div class=\"elementor-element elementor-element-3da844e sc_fly_static elementor-widget elementor-widget-spacer\" data-id=\"3da844e\" data-element_type=\"widget\" data-widget_type=\"spacer.default\">\n\t\t\t\t<div class=\"elementor-widget-container\">\n\t\t\t\t\t<div class=\"elementor-spacer\">\n\t\t\t<div class=\"elementor-spacer-inner\"><\/div>\n\t\t<\/div>\n\t\t\t\t<\/div>\n\t\t\t\t<\/div>\n\t\t\t\t<div class=\"elementor-element elementor-element-134cb41 sc_fly_static elementor-widget elementor-widget-text-editor\" data-id=\"134cb41\" data-element_type=\"widget\" data-widget_type=\"text-editor.default\">\n\t\t\t\t<div class=\"elementor-widget-container\">\n\t\t\t\t\t\t\t\t<div class=\"elementor-text-editor elementor-clearfix\">\n\t\t\t\t<p><strong>Gerekli Belgeler<\/strong><\/p><p><b>Pasaport<\/b><\/p><p>T\u00fcrkiye&#8217;ye giri\u015f tarihinden itibaren en az 6 ay ge\u00e7erli, en az 2 bo\u015f sayfas\u0131 bulunan pasaport.<\/p><p><b>\u0130\u015f S\u00f6zle\u015fmesi:<\/b>\u00a0\u0130\u015f\u00e7i ile i\u015fveren aras\u0131nda imzalanan i\u015f s\u00f6zle\u015fmesidir. Noter tasdikli olmal\u0131d\u0131r. \u00c7al\u0131\u015fma bakanl\u0131\u011f\u0131ndan onay al\u0131nmas\u0131 gerekmektedir.<\/p><p><b>\u00d6nemli Not:<\/b>\u00a0\u0130lgili mercilere sorulmas\u0131 zorunludur.<\/p><p>Ba\u015fvuru sahibi \u015firketin sahibi oldu\u011funu iddia ettiyse, istenen belge bu \u015firketin sahibi oldu\u011funa dair kan\u0131tt\u0131r (\u015firket kayd\u0131)<\/p>\t\t\t\t\t<\/div>\n\t\t\t\t\t\t<\/div>\n\t\t\t\t<\/div>\n\t\t\t\t<div class=\"elementor-element elementor-element-1fb9a5d sc_fly_static elementor-widget elementor-widget-spacer\" data-id=\"1fb9a5d\" data-element_type=\"widget\" data-widget_type=\"spacer.default\">\n\t\t\t\t<div class=\"elementor-widget-container\">\n\t\t\t\t\t<div class=\"elementor-spacer\">\n\t\t\t<div class=\"elementor-spacer-inner\"><\/div>\n\t\t<\/div>\n\t\t\t\t<\/div>\n\t\t\t\t<\/div>\n\t\t\t\t\t\t<\/div>\n\t\t\t\t\t<\/div>\n\t\t<\/div>\n\t\t\t\t<div class=\"elementor-column elementor-col-50 elementor-inner-column elementor-element elementor-element-6367de3 sc_inner_width_none sc_content_align_inherit sc_layouts_column_icons_position_left sc_fly_static\" data-id=\"6367de3\" data-element_type=\"column\">\n\t\t\t<div class=\"elementor-column-wrap elementor-element-populated\">\n\t\t\t\t\t\t\t<div class=\"elementor-widget-wrap\">\n\t\t\t\t\t\t<div class=\"elementor-element elementor-element-905dada sc_fly_static elementor-widget elementor-widget-spacer\" data-id=\"905dada\" data-element_type=\"widget\" data-widget_type=\"spacer.default\">\n\t\t\t\t<div class=\"elementor-widget-container\">\n\t\t\t\t\t<div class=\"elementor-spacer\">\n\t\t\t<div class=\"elementor-spacer-inner\"><\/div>\n\t\t<\/div>\n\t\t\t\t<\/div>\n\t\t\t\t<\/div>\n\t\t\t\t<div class=\"elementor-element elementor-element-ea6bf79 sc_fly_static elementor-widget elementor-widget-image\" data-id=\"ea6bf79\" data-element_type=\"widget\" data-widget_type=\"image.default\">\n\t\t\t\t<div class=\"elementor-widget-container\">\n\t\t\t\t\t\t\t\t<div class=\"elementor-image\">\n\t\t\t\t\t\t\t\t\t\t\t\t<img decoding=\"async\" width=\"666\" height=\"396\" src=\"https:\/\/visa.turkishroute.com\/turkey\/wp-content\/uploads\/2023\/05\/EMPLOYMENT-VISIT.jpg\" class=\"attachment-full size-full wp-image-25649\" alt=\"\" loading=\"lazy\" srcset=\"https:\/\/visa.turkishroute.com\/turkey\/wp-content\/uploads\/2023\/05\/EMPLOYMENT-VISIT.jpg 666w, https:\/\/visa.turkishroute.com\/turkey\/wp-content\/uploads\/2023\/05\/EMPLOYMENT-VISIT-300x178.jpg 300w, https:\/\/visa.turkishroute.com\/turkey\/wp-content\/uploads\/2023\/05\/EMPLOYMENT-VISIT-370x220.jpg 370w, https:\/\/visa.turkishroute.com\/turkey\/wp-content\/uploads\/2023\/05\/EMPLOYMENT-VISIT-410x244.jpg 410w\" sizes=\"(max-width: 666px) 100vw, 666px\" \/>\t\t\t\t\t\t\t\t\t\t\t\t\t\t<\/div>\n\t\t\t\t\t\t<\/div>\n\t\t\t\t<\/div>\n\t\t\t\t\t\t<\/div>\n\t\t\t\t\t<\/div>\n\t\t<\/div>\n\t\t\t\t\t\t\t\t<\/div>\n\t\t\t\t\t<\/div>\n\t\t<\/section>\n\t\t\t\t<div class=\"elementor-element elementor-element-c9b52f1 sc_height_small sc_fly_static elementor-widget elementor-widget-spacer\" data-id=\"c9b52f1\" data-element_type=\"widget\" data-widget_type=\"spacer.default\">\n\t\t\t\t<div class=\"elementor-widget-container\">\n\t\t\t\t\t<div class=\"elementor-spacer\">\n\t\t\t<div class=\"elementor-spacer-inner\"><\/div>\n\t\t<\/div>\n\t\t\t\t<\/div>\n\t\t\t\t<\/div>\n\t\t\t\t<div class=\"elementor-element elementor-element-a217b4a sc_height_large sc_fly_static elementor-widget elementor-widget-spacer\" data-id=\"a217b4a\" data-element_type=\"widget\" data-widget_type=\"spacer.default\">\n\t\t\t\t<div class=\"elementor-widget-container\">\n\t\t\t\t\t<div class=\"elementor-spacer\">\n\t\t\t<div class=\"elementor-spacer-inner\"><\/div>\n\t\t<\/div>\n\t\t\t\t<\/div>\n\t\t\t\t<\/div>\n\t\t\t\t\t\t<\/div>\n\t\t\t\t\t<\/div>\n\t\t<\/div>\n\t\t\t\t\t\t\t\t<\/div>\n\t\t\t\t\t<\/div>\n\t\t<\/section>\n\t\t\t\t\t\t\t\t\t<\/div>\n\t\t\t<\/div>\n\t\t\t\t\t<\/div>\n\t\t","protected":false},"excerpt":{"rendered":"<p>\u00c7ALI\u015eMA V\u0130ZE Gerekli Belgeler Pasaport T\u00fcrkiye&#8217;ye giri\u015f tarihinden itibaren en az 6 ay ge\u00e7erli, en az 2 bo\u015f sayfas\u0131 bulunan pasaport. \u0130\u015f S\u00f6zle\u015fmesi:\u00a0\u0130\u015f\u00e7i ile i\u015fveren aras\u0131nda imzalanan i\u015f s\u00f6zle\u015fmesidir. Noter&hellip;<\/p>\n","protected":false},"author":1,"featured_media":0,"parent":0,"menu_order":0,"comment_status":"closed","ping_status":"closed","template":"","meta":[],"_links":{"self":[{"href":"https:\/\/visa.turkishroute.com\/turkey\/wp-json\/wp\/v2\/pages\/25498"}],"collection":[{"href":"https:\/\/visa.turkishroute.com\/turkey\/wp-json\/wp\/v2\/pages"}],"about":[{"href":"https:\/\/visa.turkishroute.com\/turkey\/wp-json\/wp\/v2\/types\/page"}],"author":[{"embeddable":true,"href":"https:\/\/visa.turkishroute.com\/turkey\/wp-json\/wp\/v2\/users\/1"}],"replies":[{"embeddable":true,"href":"https:\/\/visa.turkishroute.com\/turkey\/wp-json\/wp\/v2\/comments?post=25498"}],"version-history":[{"count":8,"href":"https:\/\/visa.turkishroute.com\/turkey\/wp-json\/wp\/v2\/pages\/25498\/revisions"}],"predecessor-version":[{"id":25652,"href":"https:\/\/visa.turkishroute.com\/turkey\/wp-json\/wp\/v2\/pages\/25498\/revisions\/25652"}],"wp:attachment":[{"href":"https:\/\/visa.turkishroute.com\/turkey\/wp-json\/wp\/v2\/media?parent=25498"}],"curies":[{"name":"wp","href":"https:\/\/api.w.org\/{rel}","templated":true}]}}